{"id":1010,"date":"2026-04-25T05:55:51","date_gmt":"2026-04-25T00:55:51","guid":{"rendered":"https:\/\/www.aksingenieria.com\/?page_id=1010"},"modified":"2026-04-25T06:12:14","modified_gmt":"2026-04-25T01:12:14","slug":"sobre-nosotros","status":"publish","type":"page","link":"https:\/\/www.aksingenieria.com\/?page_id=1010","title":{"rendered":"Sobre nosotros"},"content":{"rendered":"\n<h1 data-wp-context---core-fit-text=\"core\/fit-text::{&quot;fontSize&quot;:&quot;&quot;}\" data-wp-init---core-fit-text=\"core\/fit-text::callbacks.init\" data-wp-interactive data-wp-style--font-size=\"core\/fit-text::context.fontSize\" class=\"wp-block-heading has-text-align-center has-fit-text has-primary-color has-text-color has-link-color wp-elements-e07d2d599968963f51c4afd562074f75\">Sobre nosotros<\/h1>\n\n\n\n<p>Lorem Ipsum has been the industry&#8217;s standard dummy text ever since the 1500s.<\/p>\n\n\n\n<h2 class=\"wp-block-heading\">MISI\u00d3N<\/h2>\n\n\n\n<p>Proveer soluciones integrales en servicios el\u00e9ctricos y automatizaci\u00f3n, garantizando calidad, seguridad y eficiencia, con compromiso social y tecnol\u00f3gico.<\/p>\n\n\n\n<p><\/p>\n\n\n\n<h2 class=\"wp-block-heading\">VISI\u00d3N<\/h2>\n\n\n\n<div class=\"wp-block-group is-style-default is-layout-flow wp-block-group-is-layout-flow\">\n<p>Ser una empresa l\u00edder a nivel nacional en ingenier\u00eda el\u00e9ctrica, reconocida por su calidad, responsabilidad y satisfacci\u00f3n del cliente.<\/p>\n<\/div>\n\n\n\n<p>1<\/p>\n","protected":false},"excerpt":{"rendered":"<p>Sobre nosotros MISI\u00d3N Proveer soluciones integrales en servicios el\u00e9ctricos y automatizaci\u00f3n, garantizando calidad, seguridad y eficiencia, con compromiso social y tecnol\u00f3gico. VISI\u00d3N Ser una empresa l\u00edder a nivel nacional en ingenier\u00eda el\u00e9ctrica, reconocida por su calidad, responsabilidad y satisfacci\u00f3n del cliente. 1<\/p>\n","protected":false},"author":1,"featured_media":0,"parent":0,"menu_order":0,"comment_status":"closed","ping_status":"closed","template":"","meta":{"pagelayer_contact_templates":[],"_pagelayer_content":"","footnotes":""},"class_list":["post-1010","page","type-page","status-publish","hentry"],"aioseo_notices":[],"_links":{"self":[{"href":"https:\/\/www.aksingenieria.com\/index.php?rest_route=\/wp\/v2\/pages\/1010","targetHints":{"allow":["GET"]}}],"collection":[{"href":"https:\/\/www.aksingenieria.com\/index.php?rest_route=\/wp\/v2\/pages"}],"about":[{"href":"https:\/\/www.aksingenieria.com\/index.php?rest_route=\/wp\/v2\/types\/page"}],"author":[{"embeddable":true,"href":"https:\/\/www.aksingenieria.com\/index.php?rest_route=\/wp\/v2\/users\/1"}],"replies":[{"embeddable":true,"href":"https:\/\/www.aksingenieria.com\/index.php?rest_route=%2Fwp%2Fv2%2Fcomments&post=1010"}],"version-history":[{"count":13,"href":"https:\/\/www.aksingenieria.com\/index.php?rest_route=\/wp\/v2\/pages\/1010\/revisions"}],"predecessor-version":[{"id":1026,"href":"https:\/\/www.aksingenieria.com\/index.php?rest_route=\/wp\/v2\/pages\/1010\/revisions\/1026"}],"wp:attachment":[{"href":"https:\/\/www.aksingenieria.com\/index.php?rest_route=%2Fwp%2Fv2%2Fmedia&parent=1010"}],"curies":[{"name":"wp","href":"https:\/\/api.w.org\/{rel}","templated":true}]}}