{"id":1028,"date":"2026-04-25T06:02:43","date_gmt":"2026-04-25T01:02:43","guid":{"rendered":"https:\/\/www.aksingenieria.com\/?page_id=1028"},"modified":"2026-04-25T10:21:38","modified_gmt":"2026-04-25T05:21:38","slug":"inicio","status":"publish","type":"page","link":"https:\/\/www.aksingenieria.com\/","title":{"rendered":"Quienes somos"},"content":{"rendered":"\n\n\n<h2 class=\"wp-block-heading\">Misi\u00f3n<\/h2>\n\n\n\n<p>Proveer soluciones integrales en servicios el\u00e9ctricos y automatizaci\u00f3n, garantizando calidad, seguridad y eficiencia, con compromiso social y tecnol\u00f3gico.<\/p>\n\n\n\n\n\n<h2 class=\"wp-block-heading\">Visi\u00f3n<\/h2>\n\n\n\n<p>Ser una empresa l\u00edder a nivel nacional en ingenier\u00eda el\u00e9ctrica, reconocida por su calidad, responsabilidad y satisfacci\u00f3n del cliente.<\/p>\n\n\n\n\n\n<p><\/p>\n","protected":false},"excerpt":{"rendered":"<p>Visi\u00f3n Ser una empresa l\u00edder a nivel nacional en ingenier\u00eda el\u00e9ctrica, reconocida por su calidad, responsabilidad y satisfacci\u00f3n del cliente.<\/p>\n","protected":false},"author":1,"featured_media":0,"parent":0,"menu_order":0,"comment_status":"closed","ping_status":"closed","template":"","meta":{"pagelayer_contact_templates":[],"_pagelayer_content":"","footnotes":""},"class_list":["post-1028","page","type-page","status-publish","hentry"],"aioseo_notices":[],"_links":{"self":[{"href":"https:\/\/www.aksingenieria.com\/index.php?rest_route=\/wp\/v2\/pages\/1028","targetHints":{"allow":["GET"]}}],"collection":[{"href":"https:\/\/www.aksingenieria.com\/index.php?rest_route=\/wp\/v2\/pages"}],"about":[{"href":"https:\/\/www.aksingenieria.com\/index.php?rest_route=\/wp\/v2\/types\/page"}],"author":[{"embeddable":true,"href":"https:\/\/www.aksingenieria.com\/index.php?rest_route=\/wp\/v2\/users\/1"}],"replies":[{"embeddable":true,"href":"https:\/\/www.aksingenieria.com\/index.php?rest_route=%2Fwp%2Fv2%2Fcomments&post=1028"}],"version-history":[{"count":5,"href":"https:\/\/www.aksingenieria.com\/index.php?rest_route=\/wp\/v2\/pages\/1028\/revisions"}],"predecessor-version":[{"id":1053,"href":"https:\/\/www.aksingenieria.com\/index.php?rest_route=\/wp\/v2\/pages\/1028\/revisions\/1053"}],"wp:attachment":[{"href":"https:\/\/www.aksingenieria.com\/index.php?rest_route=%2Fwp%2Fv2%2Fmedia&parent=1028"}],"curies":[{"name":"wp","href":"https:\/\/api.w.org\/{rel}","templated":true}]}}