{"id":1062,"date":"2026-04-27T03:17:38","date_gmt":"2026-04-26T22:17:38","guid":{"rendered":"https:\/\/www.aksingenieria.com\/?page_id=1062"},"modified":"2026-04-29T02:41:43","modified_gmt":"2026-04-28T21:41:43","slug":"servicios","status":"publish","type":"page","link":"https:\/\/www.aksingenieria.com\/?page_id=1062","title":{"rendered":"Proyectos"},"content":{"rendered":"\n<div data-wp-context=\"{ &quot;autoclose&quot;: false, &quot;accordionItems&quot;: [] }\" data-wp-interactive=\"core\/accordion\" role=\"group\" class=\"wp-block-accordion is-layout-flow wp-block-accordion-is-layout-flow\">\n<div data-wp-class--is-open=\"state.isOpen\" data-wp-context=\"{ &quot;id&quot;: &quot;accordion-item-1&quot;, &quot;openByDefault&quot;: false }\" data-wp-init=\"callbacks.initAccordionItems\" data-wp-on-window--hashchange=\"callbacks.hashChange\" class=\"wp-block-accordion-item is-layout-flow wp-block-accordion-item-is-layout-flow\">\n<h3 class=\"wp-block-accordion-heading has-montserrat-font-family has-superbfont-small-font-size\" style=\"border-style:none;border-width:0px;text-transform:uppercase\"><button aria-expanded=\"false\" aria-controls=\"accordion-item-1-panel\" data-wp-bind--aria-expanded=\"state.isOpen\" data-wp-on--click=\"actions.toggle\" data-wp-on--keydown=\"actions.handleKeyDown\" id=\"accordion-item-1\" type=\"button\" class=\"wp-block-accordion-heading__toggle\" style=\"padding-top:0;padding-right:0;padding-bottom:0;padding-left:0\"><span class=\"wp-block-accordion-heading__toggle-title\">ESTUDIO Y SOLUCIONES EN CALIDAD DE ENERG\u00cdA<\/span><span class=\"wp-block-accordion-heading__toggle-icon\" aria-hidden=\"true\">+<\/span><\/button><\/h3>\n\n\n\n<div inert aria-labelledby=\"accordion-item-1\" data-wp-bind--inert=\"!state.isOpen\" id=\"accordion-item-1-panel\" role=\"region\" class=\"wp-block-accordion-panel is-layout-flow wp-block-accordion-panel-is-layout-flow\">\n<p class=\"has-mono-2-color has-text-color has-link-color has-superbfont-xsmall-font-size wp-elements-c30fc614263d4b28a09a2418bd33e960\">Identificamos y corregimos problemas de calidad de energ\u00eda, optimizando el consumo, reduciendo costos y prolongando la vida \u00fatil de los equipos.<br><br><\/p>\n\n\n\n<p>Calidad de energ\u00eda<\/p>\n\n\n<p class=\"wp-elements-81ec1fc6ca8e5450e530304c1a353265 wp-block-site-tagline has-text-color has-mono-2-color has-superbfont-small-font-size\">AKS Ingenier\u00eda se encarga de dar solucion a perturvaciones, variaciones de voltaje, interrupciones, armonicos o eventos transitorios presentes en sistemas electricos brindando las caracteristicas y condiciones adecuadas para el correcto funcionamiento de equipos y dispositivos electricos en plantas industriales.                                    Bancos de condensadores&lt;br&gt;DPS&lt;br&gt;Filtros LCFiltros dinamicos&lt;br&gt;An\u00e1lisis de calidad de energ\u00eda.<\/p>\n\n\n<div class=\"wp-block-group has-global-padding is-layout-constrained wp-block-group-is-layout-constrained\">\n<div class=\"wp-block-media-text is-stacked-on-mobile\" style=\"grid-template-columns:15% auto\"><figure class=\"wp-block-media-text__media\"><img loading=\"lazy\" decoding=\"async\" width=\"390\" height=\"832\" src=\"https:\/\/www.aksingenieria.com\/wp-content\/uploads\/2026\/04\/Condensador.png\" alt=\"\" class=\"wp-image-1065 size-full\" srcset=\"https:\/\/www.aksingenieria.com\/wp-content\/uploads\/2026\/04\/Condensador.png 390w, https:\/\/www.aksingenieria.com\/wp-content\/uploads\/2026\/04\/Condensador-141x300.png 141w\" sizes=\"auto, (max-width: 390px) 100vw, 390px\" \/><\/figure><div class=\"wp-block-media-text__content\">\n<p class=\"has-mono-2-color has-light-green-cyan-background-color has-text-color has-background has-superbfont-small-font-size\"><strong>Banco de condensadores<\/strong><br><br>Su principal funci\u00f3n es que la energ\u00eda suministrada a equipos y dispositivos cuente con las caracter\u00edsticas indicadas que les permiten mantener su continuidad, sin que esto provoque fallas o afecte el desempe\u00f1o.<\/p>\n<\/div><\/div>\n\n\n\n<div class=\"wp-block-media-text is-stacked-on-mobile\" style=\"grid-template-columns:15% auto\"><figure class=\"wp-block-media-text__media\"><img loading=\"lazy\" decoding=\"async\" width=\"390\" height=\"832\" src=\"https:\/\/www.aksingenieria.com\/wp-content\/uploads\/2026\/04\/Condensador.png\" alt=\"\" class=\"wp-image-1065 size-full\" srcset=\"https:\/\/www.aksingenieria.com\/wp-content\/uploads\/2026\/04\/Condensador.png 390w, https:\/\/www.aksingenieria.com\/wp-content\/uploads\/2026\/04\/Condensador-141x300.png 141w\" sizes=\"auto, (max-width: 390px) 100vw, 390px\" \/><\/figure><div class=\"wp-block-media-text__content\">\n<p class=\"has-mono-2-color has-light-green-cyan-background-color has-text-color has-background has-superbfont-small-font-size\"><strong>Banco de condensadores<\/strong><br><br>Su principal funci\u00f3n es que la energ\u00eda suministrada a equipos y dispositivos cuente con las caracter\u00edsticas indicadas que les permiten mantener su continuidad, sin que esto provoque fallas o afecte el desempe\u00f1o.<\/p>\n<\/div><\/div>\n\n\n\n<div class=\"wp-block-media-text is-stacked-on-mobile\" style=\"grid-template-columns:15% auto\"><figure class=\"wp-block-media-text__media\"><img loading=\"lazy\" decoding=\"async\" width=\"488\" height=\"816\" src=\"https:\/\/www.aksingenieria.com\/wp-content\/uploads\/2026\/04\/analisis.png\" alt=\"\" class=\"wp-image-1069 size-full\" srcset=\"https:\/\/www.aksingenieria.com\/wp-content\/uploads\/2026\/04\/analisis.png 488w, https:\/\/www.aksingenieria.com\/wp-content\/uploads\/2026\/04\/analisis-179x300.png 179w\" sizes=\"auto, (max-width: 488px) 100vw, 488px\" \/><\/figure><div class=\"wp-block-media-text__content\">\n<p class=\"has-mono-2-color has-light-green-cyan-background-color has-text-color has-background has-superbfont-small-font-size\"><strong><strong>AN\u00c1LISIS DE CALIDAD DE ENERG\u00cdA<\/strong><\/strong><br><br>Este analisis tiene como objetivo evaluar las variables el\u00e9ctricas que pueden estar siendo afectadas por la calidad de energ\u00eda o el consumo de energ\u00eda de alg\u00fan equipo en especifico.<\/p>\n<\/div><\/div>\n<\/div>\n<\/div>\n<\/div>\n\n\n\n<div data-wp-class--is-open=\"state.isOpen\" data-wp-context=\"{ &quot;id&quot;: &quot;accordion-item-2&quot;, &quot;openByDefault&quot;: false }\" data-wp-init=\"callbacks.initAccordionItems\" data-wp-on-window--hashchange=\"callbacks.hashChange\" class=\"wp-block-accordion-item is-layout-flow wp-block-accordion-item-is-layout-flow\">\n<h3 class=\"wp-block-accordion-heading has-montserrat-font-family has-superbfont-small-font-size\" style=\"text-transform:uppercase\"><button aria-expanded=\"false\" aria-controls=\"accordion-item-2-panel\" data-wp-bind--aria-expanded=\"state.isOpen\" data-wp-on--click=\"actions.toggle\" data-wp-on--keydown=\"actions.handleKeyDown\" id=\"accordion-item-2\" type=\"button\" class=\"wp-block-accordion-heading__toggle\"><span class=\"wp-block-accordion-heading__toggle-title\">Automatizaci\u00f3n de procesos<\/span><span class=\"wp-block-accordion-heading__toggle-icon\" aria-hidden=\"true\">+<\/span><\/button><\/h3>\n\n\n\n<div inert aria-labelledby=\"accordion-item-2\" data-wp-bind--inert=\"!state.isOpen\" id=\"accordion-item-2-panel\" role=\"region\" class=\"wp-block-accordion-panel is-layout-flow wp-block-accordion-panel-is-layout-flow\">\n<p class=\"has-superbfont-small-font-size\">Automatizamos procesos clave para mejorar la eficiencia, el control y la precisi\u00f3n, optimizando tiempo y recursos.<\/p>\n\n\n\n<div class=\"wp-block-media-text is-stacked-on-mobile has-superbfont-xxsmall-font-size\" style=\"grid-template-columns:34% auto\"><figure class=\"wp-block-media-text__media\"><video controls src=\"https:\/\/www.aksingenieria.com\/wp-content\/uploads\/2026\/04\/download-1.mp4\"><\/video><\/figure><div class=\"wp-block-media-text__content\">\n<p class=\"has-primary-color has-text-color has-link-color has-superbfont-medium-font-size wp-elements-c81a72d12f5b26f5f2f7143f19c7a214\"><strong><em>SISTEMA DE TRANSPORTE DE MATERIALES<\/em><\/strong><\/p>\n\n\n\n<p class=\"has-mono-2-color has-text-color has-link-color has-superbfont-xsmall-font-size wp-elements-b290c521d732f46d55fa1b11e2141f4a\">Automatizaci\u00f3n de un sistema de transporte, almacenamiento y dosificaci\u00f3n de material para creaci\u00f3n de materiales plasticos, este proyecto se desarrollo la idea de transporte por medio de bombas de vacio, valvulas neumaticas, un sistema de dosificaci\u00f3n controlado por medio de celdas de cargas y todo controlado por medio de perisferias y PLC.<\/p>\n\n\n\n<p class=\"has-superbfont-medium-font-size\"><strong><em>TAREAS REALIZADAS<\/em><\/strong><\/p>\n\n\n\n<p class=\"has-superbfont-xsmall-font-size\">Dise\u00f1o y conexi\u00f3n de sistema el\u00e9ctrico.<\/p>\n\n\n\n<p class=\"has-superbfont-xsmall-font-size\">Instalaci\u00f3n mecanica de tuberia de transporte de material y dise\u00f1o de sistema de pesaje.<\/p>\n\n\n\n<p class=\"has-superbfont-xsmall-font-size\">Instalaci\u00f3n mec\u00e1nica y el\u00e9ctrica de sensores, v\u00e1lvulas neum\u00e1ticas y bombas de vacio.<\/p>\n\n\n\n<p class=\"has-superbfont-xsmall-font-size\">Programaci\u00f3n de PLC y dise\u00f1o de pantallas.<\/p>\n<\/div><\/div>\n<\/div>\n<\/div>\n\n\n\n<div data-wp-class--is-open=\"state.isOpen\" data-wp-context=\"{ &quot;id&quot;: &quot;accordion-item-3&quot;, &quot;openByDefault&quot;: false }\" data-wp-init=\"callbacks.initAccordionItems\" data-wp-on-window--hashchange=\"callbacks.hashChange\" class=\"wp-block-accordion-item is-layout-flow wp-block-accordion-item-is-layout-flow\">\n<h3 class=\"wp-block-accordion-heading has-superbfont-small-font-size\"><button aria-expanded=\"false\" aria-controls=\"accordion-item-3-panel\" data-wp-bind--aria-expanded=\"state.isOpen\" data-wp-on--click=\"actions.toggle\" data-wp-on--keydown=\"actions.handleKeyDown\" id=\"accordion-item-3\" type=\"button\" class=\"wp-block-accordion-heading__toggle\"><span class=\"wp-block-accordion-heading__toggle-title\">INSTALACIONES EL\u00c9CTRICAS Y MEC\u00c1NICAS<\/span><span class=\"wp-block-accordion-heading__toggle-icon\" aria-hidden=\"true\">+<\/span><\/button><\/h3>\n\n\n\n<div inert aria-labelledby=\"accordion-item-3\" data-wp-bind--inert=\"!state.isOpen\" id=\"accordion-item-3-panel\" role=\"region\" class=\"wp-block-accordion-panel is-layout-flow wp-block-accordion-panel-is-layout-flow\">\n<p>Implementamos instalaciones el\u00e9ctricas y mec\u00e1nicas integrales, garantizando eficiencia, seguridad y alta calidad en cada proyecto.<\/p>\n<\/div>\n<\/div>\n<\/div>\n\n\n\n<p><\/p>\n","protected":false},"excerpt":{"rendered":"","protected":false},"author":1,"featured_media":0,"parent":0,"menu_order":0,"comment_status":"closed","ping_status":"closed","template":"","meta":{"pagelayer_contact_templates":[],"_pagelayer_content":"","footnotes":""},"class_list":["post-1062","page","type-page","status-publish","hentry"],"aioseo_notices":[],"_links":{"self":[{"href":"https:\/\/www.aksingenieria.com\/index.php?rest_route=\/wp\/v2\/pages\/1062","targetHints":{"allow":["GET"]}}],"collection":[{"href":"https:\/\/www.aksingenieria.com\/index.php?rest_route=\/wp\/v2\/pages"}],"about":[{"href":"https:\/\/www.aksingenieria.com\/index.php?rest_route=\/wp\/v2\/types\/page"}],"author":[{"embeddable":true,"href":"https:\/\/www.aksingenieria.com\/index.php?rest_route=\/wp\/v2\/users\/1"}],"replies":[{"embeddable":true,"href":"https:\/\/www.aksingenieria.com\/index.php?rest_route=%2Fwp%2Fv2%2Fcomments&post=1062"}],"version-history":[{"count":6,"href":"https:\/\/www.aksingenieria.com\/index.php?rest_route=\/wp\/v2\/pages\/1062\/revisions"}],"predecessor-version":[{"id":1076,"href":"https:\/\/www.aksingenieria.com\/index.php?rest_route=\/wp\/v2\/pages\/1062\/revisions\/1076"}],"wp:attachment":[{"href":"https:\/\/www.aksingenieria.com\/index.php?rest_route=%2Fwp%2Fv2%2Fmedia&parent=1062"}],"curies":[{"name":"wp","href":"https:\/\/api.w.org\/{rel}","templated":true}]}}